{"id":81,"date":"2020-12-12T15:15:21","date_gmt":"2020-12-12T15:15:21","guid":{"rendered":"https:\/\/9chan.de\/?post_type=product&#038;p=81"},"modified":"2020-12-15T11:51:12","modified_gmt":"2020-12-15T11:51:12","slug":"v6-chicken-wings","status":"publish","type":"product","link":"https:\/\/9chan.de\/en\/product\/v6-chicken-wings\/","title":{"rendered":"V6. Chicken Wings"},"content":{"rendered":"","protected":false},"excerpt":{"rendered":"<p>W\u00fcrzige H\u00e4hnchenfl\u00fcgel nach Thai-Art<br \/>\nchicken wings Thai style<\/p>","protected":false},"featured_media":1612,"comment_status":"open","ping_status":"closed","template":"","meta":[],"class_list":["post-81","product","type-product","status-publish","has-post-thumbnail","hentry","product_cat-vorspeisen"],"woofood_extra_options":null,"_links":{"self":[{"href":"https:\/\/9chan.de\/en\/wp-json\/wp\/v2\/product\/81","targetHints":{"allow":["GET"]}}],"collection":[{"href":"https:\/\/9chan.de\/en\/wp-json\/wp\/v2\/product"}],"about":[{"href":"https:\/\/9chan.de\/en\/wp-json\/wp\/v2\/types\/product"}],"replies":[{"embeddable":true,"href":"https:\/\/9chan.de\/en\/wp-json\/wp\/v2\/comments?post=81"}],"wp:featuredmedia":[{"embeddable":true,"href":"https:\/\/9chan.de\/en\/wp-json\/wp\/v2\/media\/1612"}],"wp:attachment":[{"href":"https:\/\/9chan.de\/en\/wp-json\/wp\/v2\/media?parent=81"}],"curies":[{"name":"wp","href":"https:\/\/api.w.org\/{rel}","templated":true}]}}