{"id":641,"date":"2020-12-13T12:33:10","date_gmt":"2020-12-13T12:33:10","guid":{"rendered":"https:\/\/9chan.de\/?post_type=product&#038;p=641"},"modified":"2020-12-15T20:27:30","modified_gmt":"2020-12-15T20:27:30","slug":"c2-kirw-warn","status":"publish","type":"product","link":"https:\/\/9chan.de\/en\/product\/c2-kirw-warn\/","title":{"rendered":"C2. Kirw Warn"},"content":{"rendered":"","protected":false},"excerpt":{"rendered":"<p>Thail\u00e4ndisches scharfes gr\u00fcnes Curry in einer cremigen Kokoso\u00dfe, zubereitet mit frischem Gem\u00fcse und mit Jasminreis serviert<br \/>\nThai spicy Green Curry with fresh vegetables and herbs. Served with jasmine rice<\/p>","protected":false},"featured_media":1744,"comment_status":"open","ping_status":"closed","template":"","meta":[],"class_list":["post-641","product","type-product","status-publish","has-post-thumbnail","hentry","product_cat-currygerichte"],"woofood_extra_options":[{"id":3380,"variation_id":0,"title":"Vegetarisch\/vegetarian","price":"8.90","extra_category_name":"Curry"},{"id":801,"variation_id":0,"title":"Knusprige Ente\/crispy duck","price":"14.50","extra_category_name":"Curry"},{"id":800,"variation_id":0,"title":"Garnelen\/shrimps","price":"14.00","extra_category_name":"Curry"},{"id":799,"variation_id":0,"title":"Rindfleisch\/beef","price":"13.00","extra_category_name":"Curry"},{"id":798,"variation_id":0,"title":"Schweinefleisch\/pork","price":"12.00","extra_category_name":"Curry"},{"id":797,"variation_id":0,"title":"H\u00e4hnchen\/chicken","price":"12.00","extra_category_name":"Curry"},{"id":796,"variation_id":0,"title":"Tofu\/tofu","price":"11.00","extra_category_name":"Curry"}],"_links":{"self":[{"href":"https:\/\/9chan.de\/en\/wp-json\/wp\/v2\/product\/641","targetHints":{"allow":["GET"]}}],"collection":[{"href":"https:\/\/9chan.de\/en\/wp-json\/wp\/v2\/product"}],"about":[{"href":"https:\/\/9chan.de\/en\/wp-json\/wp\/v2\/types\/product"}],"replies":[{"embeddable":true,"href":"https:\/\/9chan.de\/en\/wp-json\/wp\/v2\/comments?post=641"}],"wp:featuredmedia":[{"embeddable":true,"href":"https:\/\/9chan.de\/en\/wp-json\/wp\/v2\/media\/1744"}],"wp:attachment":[{"href":"https:\/\/9chan.de\/en\/wp-json\/wp\/v2\/media?parent=641"}],"curies":[{"name":"wp","href":"https:\/\/api.w.org\/{rel}","templated":true}]}}