{"id":628,"date":"2020-12-13T12:18:41","date_gmt":"2020-12-13T12:18:41","guid":{"rendered":"https:\/\/9chan.de\/?post_type=product&#038;p=628"},"modified":"2020-12-15T12:57:52","modified_gmt":"2020-12-15T12:57:52","slug":"n3-pad-kee-mao","status":"publish","type":"product","link":"https:\/\/9chan.de\/en\/product\/n3-pad-kee-mao\/","title":{"rendered":"N3. Pad Kee Mao"},"content":{"rendered":"","protected":false},"excerpt":{"rendered":"<p>Das Gericht wird mit Reisnudeln, frischem Thai-Basillikum und einer fein abgestimmten s\u00fc\u00dflich-scharf So\u00dfe angerichtet<br \/>\nPad Kee Mao is a traditional Thai dish with the choice of your meat, with rice noodles and plenty of fresh basil. Doused in a sauce typical of the cuisine which is tanginess and sweetness<\/p>","protected":false},"featured_media":1692,"comment_status":"open","ping_status":"closed","template":"","meta":[],"class_list":["post-628","product","type-product","status-publish","has-post-thumbnail","hentry","product_cat-nudelgerichte"],"woofood_extra_options":[{"id":3379,"variation_id":0,"title":"Meeresfr\u00fcchte\/seafood","price":"15.50","extra_category_name":"N3"},{"id":812,"variation_id":0,"title":"Knusprige Ente\/crispy duck","price":"15.00","extra_category_name":"N3"},{"id":811,"variation_id":0,"title":"Garnelen\/shrimps","price":"14.50","extra_category_name":"N3"},{"id":810,"variation_id":0,"title":"Rindfleisch\/beef","price":"13.50","extra_category_name":"N3"},{"id":809,"variation_id":0,"title":"Schweinefleisch\/pork","price":"12.50","extra_category_name":"N3"},{"id":808,"variation_id":0,"title":"H\u00e4hnchen\/chicken","price":"12.50","extra_category_name":"N3"},{"id":807,"variation_id":0,"title":"Tofu\/tofu","price":"11.50","extra_category_name":"N3"}],"_links":{"self":[{"href":"https:\/\/9chan.de\/en\/wp-json\/wp\/v2\/product\/628","targetHints":{"allow":["GET"]}}],"collection":[{"href":"https:\/\/9chan.de\/en\/wp-json\/wp\/v2\/product"}],"about":[{"href":"https:\/\/9chan.de\/en\/wp-json\/wp\/v2\/types\/product"}],"replies":[{"embeddable":true,"href":"https:\/\/9chan.de\/en\/wp-json\/wp\/v2\/comments?post=628"}],"wp:featuredmedia":[{"embeddable":true,"href":"https:\/\/9chan.de\/en\/wp-json\/wp\/v2\/media\/1692"}],"wp:attachment":[{"href":"https:\/\/9chan.de\/en\/wp-json\/wp\/v2\/media?parent=628"}],"curies":[{"name":"wp","href":"https:\/\/api.w.org\/{rel}","templated":true}]}}