{"id":623,"date":"2020-12-13T12:13:53","date_gmt":"2020-12-13T12:13:53","guid":{"rendered":"https:\/\/9chan.de\/?post_type=product&#038;p=623"},"modified":"2020-12-15T12:56:33","modified_gmt":"2020-12-15T12:56:33","slug":"n1-pad-thai","status":"publish","type":"product","link":"https:\/\/9chan.de\/en\/product\/n1-pad-thai\/","title":{"rendered":"N1. Pad Thai"},"content":{"rendered":"","protected":false},"excerpt":{"rendered":"<p>Gebratene thail\u00e4ndische Reisbandnudeln, garniert mit Erdn\u00fcssen, Fr\u00fchlingszwiebeln, Limette und Sojasprossen<br \/>\nTraditional Stir Fried Thai Noodles with crushed peanuts, spring onions and beansprouts. Served with lime<\/p>","protected":false},"featured_media":1691,"comment_status":"open","ping_status":"closed","template":"","meta":[],"class_list":["post-623","product","type-product","status-publish","has-post-thumbnail","hentry","product_cat-nudelgerichte"],"woofood_extra_options":[{"id":3378,"variation_id":0,"title":"Meeresfr\u00fcchte\/seafood","price":"15.00","extra_category_name":"N1-N2"},{"id":3234,"variation_id":0,"title":"knusprige Ente\/duck","price":"14.50","extra_category_name":"N1-N2"},{"id":806,"variation_id":0,"title":"Garnelen\/shrimps","price":"13.50","extra_category_name":"N1-N2"},{"id":805,"variation_id":0,"title":"Rindfleisch\/beef","price":"12.50","extra_category_name":"N1-N2"},{"id":804,"variation_id":0,"title":"Schweinefleisch\/pork","price":"11.50","extra_category_name":"N1-N2"},{"id":803,"variation_id":0,"title":"H\u00e4hnchen\/chicken","price":"11.50","extra_category_name":"N1-N2"},{"id":802,"variation_id":0,"title":"Tofu\/tofu","price":"10.50","extra_category_name":"N1-N2"}],"_links":{"self":[{"href":"https:\/\/9chan.de\/en\/wp-json\/wp\/v2\/product\/623","targetHints":{"allow":["GET"]}}],"collection":[{"href":"https:\/\/9chan.de\/en\/wp-json\/wp\/v2\/product"}],"about":[{"href":"https:\/\/9chan.de\/en\/wp-json\/wp\/v2\/types\/product"}],"replies":[{"embeddable":true,"href":"https:\/\/9chan.de\/en\/wp-json\/wp\/v2\/comments?post=623"}],"wp:featuredmedia":[{"embeddable":true,"href":"https:\/\/9chan.de\/en\/wp-json\/wp\/v2\/media\/1691"}],"wp:attachment":[{"href":"https:\/\/9chan.de\/en\/wp-json\/wp\/v2\/media?parent=623"}],"curies":[{"name":"wp","href":"https:\/\/api.w.org\/{rel}","templated":true}]}}