{"id":618,"date":"2020-12-13T12:08:40","date_gmt":"2020-12-13T12:08:40","guid":{"rendered":"https:\/\/9chan.de\/?post_type=product&#038;p=618"},"modified":"2021-03-04T15:31:49","modified_gmt":"2021-03-04T14:31:49","slug":"r11-pad-man-prik-poa","status":"publish","type":"product","link":"https:\/\/9chan.de\/en\/product\/r11-pad-man-prik-poa\/","title":{"rendered":"R11. Pad Man Prik-Poa"},"content":{"rendered":"","protected":false},"excerpt":{"rendered":"<p>Fleisch nach Wahl in einer Chilli-\u00d6l-Paste mit Thai Basillikum, Zwiebeln und frischen Chilli, s\u00fc\u00df-scharf<br \/>\nChoice of meat with chilli paste oil, thai basil and onion<\/p>","protected":false},"featured_media":1653,"comment_status":"open","ping_status":"closed","template":"","meta":[],"class_list":["post-618","product","type-product","status-publish","has-post-thumbnail","hentry","product_cat-reisgerichte"],"woofood_extra_options":[{"id":3390,"variation_id":0,"title":"Rindfleisch\/beef","price":"13.50","extra_category_name":"R11"},{"id":795,"variation_id":0,"title":"Garnelen\/shrimps","price":"15.00","extra_category_name":"R11"},{"id":794,"variation_id":0,"title":"Knusprige Ente\/crispy duck","price":"14.50","extra_category_name":"R11"},{"id":793,"variation_id":0,"title":"Schweinefleisch\/pork","price":"12.50","extra_category_name":"R11"},{"id":792,"variation_id":0,"title":"H\u00e4hnchen\/chicken","price":"12.50","extra_category_name":"R11"}],"_links":{"self":[{"href":"https:\/\/9chan.de\/en\/wp-json\/wp\/v2\/product\/618","targetHints":{"allow":["GET"]}}],"collection":[{"href":"https:\/\/9chan.de\/en\/wp-json\/wp\/v2\/product"}],"about":[{"href":"https:\/\/9chan.de\/en\/wp-json\/wp\/v2\/types\/product"}],"replies":[{"embeddable":true,"href":"https:\/\/9chan.de\/en\/wp-json\/wp\/v2\/comments?post=618"}],"wp:featuredmedia":[{"embeddable":true,"href":"https:\/\/9chan.de\/en\/wp-json\/wp\/v2\/media\/1653"}],"wp:attachment":[{"href":"https:\/\/9chan.de\/en\/wp-json\/wp\/v2\/media?parent=618"}],"curies":[{"name":"wp","href":"https:\/\/api.w.org\/{rel}","templated":true}]}}