{"id":2846,"date":"2021-02-10T13:16:36","date_gmt":"2021-02-10T12:16:36","guid":{"rendered":"https:\/\/9chan.de\/?post_type=product&#038;p=2846"},"modified":"2021-03-04T15:33:21","modified_gmt":"2021-03-04T14:33:21","slug":"r16-pad-hoi","status":"publish","type":"product","link":"https:\/\/9chan.de\/en\/product\/r16-pad-hoi\/","title":{"rendered":"R16. Pad Hoi"},"content":{"rendered":"","protected":false},"excerpt":{"rendered":"<p>Miesmuscheln in einer Chili-\u00d6l-paste mit Thai Basilikum, Zwiebeln und frischen Chili, s\u00fc\u00df-scharf<br \/>\nStir fry mussels with chili paste oil, Thai basil and onion<\/p>","protected":false},"featured_media":2900,"comment_status":"open","ping_status":"closed","template":"","meta":[],"class_list":["post-2846","product","type-product","status-publish","has-post-thumbnail","hentry","product_cat-reisgerichte"],"woofood_extra_options":null,"_links":{"self":[{"href":"https:\/\/9chan.de\/en\/wp-json\/wp\/v2\/product\/2846","targetHints":{"allow":["GET"]}}],"collection":[{"href":"https:\/\/9chan.de\/en\/wp-json\/wp\/v2\/product"}],"about":[{"href":"https:\/\/9chan.de\/en\/wp-json\/wp\/v2\/types\/product"}],"replies":[{"embeddable":true,"href":"https:\/\/9chan.de\/en\/wp-json\/wp\/v2\/comments?post=2846"}],"wp:featuredmedia":[{"embeddable":true,"href":"https:\/\/9chan.de\/en\/wp-json\/wp\/v2\/media\/2900"}],"wp:attachment":[{"href":"https:\/\/9chan.de\/en\/wp-json\/wp\/v2\/media?parent=2846"}],"curies":[{"name":"wp","href":"https:\/\/api.w.org\/{rel}","templated":true}]}}