{"id":26,"date":"2020-12-11T23:57:18","date_gmt":"2020-12-11T23:57:18","guid":{"rendered":"https:\/\/9chan.de\/?post_type=product&#038;p=26"},"modified":"2020-12-15T02:58:22","modified_gmt":"2020-12-15T02:58:22","slug":"v1-fruehlingsrollen","status":"publish","type":"product","link":"https:\/\/9chan.de\/en\/product\/v1-fruehlingsrollen\/","title":{"rendered":"V1. Fr\u00fchlingsrollen"},"content":{"rendered":"","protected":false},"excerpt":{"rendered":"<p>gef\u00fcllt mit H\u00e4hnchen oder Gem\u00fcse<br \/>\nSpringrolls Chicken or Vegetable<\/p>","protected":false},"featured_media":1310,"comment_status":"open","ping_status":"closed","template":"","meta":[],"class_list":["post-26","product","type-product","status-publish","has-post-thumbnail","hentry","product_cat-vorspeisen"],"woofood_extra_options":[{"id":725,"variation_id":0,"title":"Gem\u00fcse\/vegetables","price":"4.50","extra_category_name":"V1"},{"id":724,"variation_id":0,"title":"H\u00e4hnchen\/chicken","price":"4.50","extra_category_name":"V1"}],"_links":{"self":[{"href":"https:\/\/9chan.de\/en\/wp-json\/wp\/v2\/product\/26","targetHints":{"allow":["GET"]}}],"collection":[{"href":"https:\/\/9chan.de\/en\/wp-json\/wp\/v2\/product"}],"about":[{"href":"https:\/\/9chan.de\/en\/wp-json\/wp\/v2\/types\/product"}],"replies":[{"embeddable":true,"href":"https:\/\/9chan.de\/en\/wp-json\/wp\/v2\/comments?post=26"}],"wp:featuredmedia":[{"embeddable":true,"href":"https:\/\/9chan.de\/en\/wp-json\/wp\/v2\/media\/1310"}],"wp:attachment":[{"href":"https:\/\/9chan.de\/en\/wp-json\/wp\/v2\/media?parent=26"}],"curies":[{"name":"wp","href":"https:\/\/api.w.org\/{rel}","templated":true}]}}